{"id":444,"date":"2018-06-07T16:12:37","date_gmt":"2018-06-07T14:12:37","guid":{"rendered":"http:\/\/borderowo.pl\/?page_id=444"},"modified":"2026-02-17T00:58:13","modified_gmt":"2026-02-16T23:58:13","slug":"hoteldlapsow","status":"publish","type":"page","link":"https:\/\/borderowo.pl\/en\/hoteldlapsow\/","title":{"rendered":"Zwierz\u0119 na planie"},"content":{"rendered":"<div data-elementor-type=\"wp-post\" data-elementor-id=\"444\" class=\"elementor elementor-444\">\n\t\t\t\t\t\t<section class=\"elementor-section elementor-top-section elementor-element elementor-element-ea606cb elementor-section-boxed elementor-section-height-default elementor-section-height-default\" data-id=\"ea606cb\" data-element_type=\"section\" data-settings=\"{&quot;background_background&quot;:&quot;slideshow&quot;,&quot;background_slideshow_gallery&quot;:[{&quot;id&quot;:513,&quot;url&quot;:&quot;https:\\\/\\\/borderowo.pl\\\/wp-content\\\/uploads\\\/2018\\\/06\\\/space-1164579.png&quot;}],&quot;background_slideshow_loop&quot;:&quot;yes&quot;,&quot;background_slideshow_slide_duration&quot;:5000,&quot;background_slideshow_slide_transition&quot;:&quot;fade&quot;,&quot;background_slideshow_transition_duration&quot;:500}\">\n\t\t\t\t\t\t<div class=\"elementor-container elementor-column-gap-default\">\n\t\t\t\t\t<div class=\"elementor-column elementor-col-50 elementor-top-column elementor-element elementor-element-7103eff\" data-id=\"7103eff\" data-element_type=\"column\" data-settings=\"{&quot;background_background&quot;:&quot;slideshow&quot;,&quot;background_slideshow_gallery&quot;:[],&quot;background_slideshow_loop&quot;:&quot;yes&quot;,&quot;background_slideshow_slide_duration&quot;:5000,&quot;background_slideshow_slide_transition&quot;:&quot;fade&quot;,&quot;background_slideshow_transition_duration&quot;:500}\">\n\t\t\t<div class=\"elementor-widget-wrap elementor-element-populated\">\n\t\t\t\t\t\t<div class=\"elementor-element elementor-element-7eaecaf elementor-position-top elementor-widget elementor-widget-image-box\" data-id=\"7eaecaf\" data-element_type=\"widget\" data-widget_type=\"image-box.default\">\n\t\t\t\t<div class=\"elementor-widget-container\">\n\t\t\t<div class=\"elementor-image-box-wrapper\"><figure class=\"elementor-image-box-img\"><img fetchpriority=\"high\" decoding=\"async\" width=\"641\" height=\"965\" src=\"https:\/\/borderowo.pl\/wp-content\/uploads\/2026\/02\/d06c4e88-9659-4f42-837d-3ead7e499b2e.jpg\" class=\"attachment-large size-large wp-image-2558\" alt=\"zwierz\u0119 na planie\" srcset=\"https:\/\/borderowo.pl\/wp-content\/uploads\/2026\/02\/d06c4e88-9659-4f42-837d-3ead7e499b2e.jpg 641w, https:\/\/borderowo.pl\/wp-content\/uploads\/2026\/02\/d06c4e88-9659-4f42-837d-3ead7e499b2e-199x300.jpg 199w\" sizes=\"(max-width: 641px) 100vw, 641px\" \/><\/figure><div class=\"elementor-image-box-content\"><p class=\"elementor-image-box-description\">wywiady z nami  w telewizji <\/p><\/div><\/div>\t\t<\/div>\n\t\t\t\t<\/div>\n\t\t\t\t\t<\/div>\n\t\t<\/div>\n\t\t\t\t<div class=\"elementor-column elementor-col-50 elementor-top-column elementor-element elementor-element-602829b\" data-id=\"602829b\" data-element_type=\"column\" data-settings=\"{&quot;background_background&quot;:&quot;slideshow&quot;,&quot;background_slideshow_gallery&quot;:[],&quot;background_slideshow_loop&quot;:&quot;yes&quot;,&quot;background_slideshow_slide_duration&quot;:5000,&quot;background_slideshow_slide_transition&quot;:&quot;fade&quot;,&quot;background_slideshow_transition_duration&quot;:500}\">\n\t\t\t<div class=\"elementor-widget-wrap elementor-element-populated\">\n\t\t\t\t\t\t<div class=\"elementor-element elementor-element-ed47536 elementor-position-top elementor-widget elementor-widget-image-box\" data-id=\"ed47536\" data-element_type=\"widget\" data-widget_type=\"image-box.default\">\n\t\t\t\t<div class=\"elementor-widget-container\">\n\t\t\t<div class=\"elementor-image-box-wrapper\"><figure class=\"elementor-image-box-img\"><img decoding=\"async\" width=\"768\" height=\"1024\" src=\"https:\/\/borderowo.pl\/wp-content\/uploads\/2026\/02\/IMG_5894-1-768x1024.jpeg\" class=\"attachment-large size-large wp-image-2601\" alt=\"\" srcset=\"https:\/\/borderowo.pl\/wp-content\/uploads\/2026\/02\/IMG_5894-1-768x1024.jpeg 768w, https:\/\/borderowo.pl\/wp-content\/uploads\/2026\/02\/IMG_5894-1-225x300.jpeg 225w, https:\/\/borderowo.pl\/wp-content\/uploads\/2026\/02\/IMG_5894-1-1152x1536.jpeg 1152w, https:\/\/borderowo.pl\/wp-content\/uploads\/2026\/02\/IMG_5894-1-1536x2048.jpeg 1536w, https:\/\/borderowo.pl\/wp-content\/uploads\/2026\/02\/IMG_5894-1-scaled.jpeg 1920w\" sizes=\"(max-width: 768px) 100vw, 768px\" \/><\/figure><div class=\"elementor-image-box-content\"><h3 class=\"elementor-image-box-title\"><font face=\"Star Wars, sans-serif\">nasze zwierzaki zawsze bardzo si\u0119 staraj\u0105 <\/font><\/h3><\/div><\/div>\t\t<\/div>\n\t\t\t\t<\/div>\n\t\t\t\t<div class=\"elementor-element elementor-element-23451e4 elementor-position-top elementor-widget elementor-widget-image-box\" data-id=\"23451e4\" data-element_type=\"widget\" data-widget_type=\"image-box.default\">\n\t\t\t\t<div class=\"elementor-widget-container\">\n\t\t\t<div class=\"elementor-image-box-wrapper\"><figure class=\"elementor-image-box-img\"><img decoding=\"async\" width=\"768\" height=\"1024\" src=\"https:\/\/borderowo.pl\/wp-content\/uploads\/2026\/02\/IMG_5935-768x1024.jpeg\" class=\"attachment-large size-large wp-image-2595\" alt=\"\" srcset=\"https:\/\/borderowo.pl\/wp-content\/uploads\/2026\/02\/IMG_5935-768x1024.jpeg 768w, https:\/\/borderowo.pl\/wp-content\/uploads\/2026\/02\/IMG_5935-225x300.jpeg 225w, https:\/\/borderowo.pl\/wp-content\/uploads\/2026\/02\/IMG_5935.jpeg 960w\" sizes=\"(max-width: 768px) 100vw, 768px\" \/><\/figure><div class=\"elementor-image-box-content\"><h3 class=\"elementor-image-box-title\"><font face=\"Star Wars, sans-serif\">praca na planie to dla nas zabawa <\/font><\/h3><\/div><\/div>\t\t<\/div>\n\t\t\t\t<\/div>\n\t\t\t\t\t<\/div>\n\t\t<\/div>\n\t\t\t\t\t<\/div>\n\t\t<\/section>\n\t\t\t\t<section class=\"elementor-section elementor-top-section elementor-element elementor-element-544ed00 elementor-section-boxed elementor-section-height-default elementor-section-height-default\" data-id=\"544ed00\" data-element_type=\"section\" data-settings=\"{&quot;background_background&quot;:&quot;slideshow&quot;,&quot;background_slideshow_gallery&quot;:[{&quot;id&quot;:513,&quot;url&quot;:&quot;https:\\\/\\\/borderowo.pl\\\/wp-content\\\/uploads\\\/2018\\\/06\\\/space-1164579.png&quot;}],&quot;background_slideshow_loop&quot;:&quot;yes&quot;,&quot;background_slideshow_slide_duration&quot;:5000,&quot;background_slideshow_slide_transition&quot;:&quot;fade&quot;,&quot;background_slideshow_transition_duration&quot;:500}\">\n\t\t\t\t\t\t<div class=\"elementor-container elementor-column-gap-default\">\n\t\t\t\t\t<div class=\"elementor-column elementor-col-50 elementor-top-column elementor-element elementor-element-dc7f7d0\" data-id=\"dc7f7d0\" data-element_type=\"column\" data-settings=\"{&quot;background_background&quot;:&quot;slideshow&quot;,&quot;background_slideshow_gallery&quot;:[],&quot;background_slideshow_loop&quot;:&quot;yes&quot;,&quot;background_slideshow_slide_duration&quot;:5000,&quot;background_slideshow_slide_transition&quot;:&quot;fade&quot;,&quot;background_slideshow_transition_duration&quot;:500}\">\n\t\t\t<div class=\"elementor-widget-wrap elementor-element-populated\">\n\t\t\t\t\t\t<div class=\"elementor-element elementor-element-a79d1f6 elementor-position-top elementor-widget elementor-widget-image-box\" data-id=\"a79d1f6\" data-element_type=\"widget\" data-widget_type=\"image-box.default\">\n\t\t\t\t<div class=\"elementor-widget-container\">\n\t\t\t<div class=\"elementor-image-box-wrapper\"><figure class=\"elementor-image-box-img\"><img loading=\"lazy\" decoding=\"async\" width=\"768\" height=\"1024\" src=\"https:\/\/borderowo.pl\/wp-content\/uploads\/2026\/02\/IMG_6965-2-768x1024.jpeg\" class=\"attachment-large size-large wp-image-2599\" alt=\"\" srcset=\"https:\/\/borderowo.pl\/wp-content\/uploads\/2026\/02\/IMG_6965-2-768x1024.jpeg 768w, https:\/\/borderowo.pl\/wp-content\/uploads\/2026\/02\/IMG_6965-2-225x300.jpeg 225w, https:\/\/borderowo.pl\/wp-content\/uploads\/2026\/02\/IMG_6965-2-1152x1536.jpeg 1152w, https:\/\/borderowo.pl\/wp-content\/uploads\/2026\/02\/IMG_6965-2-1536x2048.jpeg 1536w, https:\/\/borderowo.pl\/wp-content\/uploads\/2026\/02\/IMG_6965-2-scaled.jpeg 1920w\" sizes=\"(max-width: 768px) 100vw, 768px\" \/><\/figure><div class=\"elementor-image-box-content\"><p class=\"elementor-image-box-description\">wywiady z nami  w telewizji <\/p><\/div><\/div>\t\t<\/div>\n\t\t\t\t<\/div>\n\t\t\t\t\t<\/div>\n\t\t<\/div>\n\t\t\t\t<div class=\"elementor-column elementor-col-50 elementor-top-column elementor-element elementor-element-e5b3158\" data-id=\"e5b3158\" data-element_type=\"column\" data-settings=\"{&quot;background_background&quot;:&quot;slideshow&quot;,&quot;background_slideshow_gallery&quot;:[],&quot;background_slideshow_loop&quot;:&quot;yes&quot;,&quot;background_slideshow_slide_duration&quot;:5000,&quot;background_slideshow_slide_transition&quot;:&quot;fade&quot;,&quot;background_slideshow_transition_duration&quot;:500}\">\n\t\t\t<div class=\"elementor-widget-wrap elementor-element-populated\">\n\t\t\t\t\t\t<div class=\"elementor-element elementor-element-32d4e70 elementor-position-top elementor-widget elementor-widget-image-box\" data-id=\"32d4e70\" data-element_type=\"widget\" data-widget_type=\"image-box.default\">\n\t\t\t\t<div class=\"elementor-widget-container\">\n\t\t\t<div class=\"elementor-image-box-wrapper\"><figure class=\"elementor-image-box-img\"><img loading=\"lazy\" decoding=\"async\" width=\"768\" height=\"1024\" src=\"https:\/\/borderowo.pl\/wp-content\/uploads\/2026\/02\/IMG_6943-768x1024.jpeg\" class=\"attachment-large size-large wp-image-2600\" alt=\"\" srcset=\"https:\/\/borderowo.pl\/wp-content\/uploads\/2026\/02\/IMG_6943-768x1024.jpeg 768w, https:\/\/borderowo.pl\/wp-content\/uploads\/2026\/02\/IMG_6943-225x300.jpeg 225w, https:\/\/borderowo.pl\/wp-content\/uploads\/2026\/02\/IMG_6943-1152x1536.jpeg 1152w, https:\/\/borderowo.pl\/wp-content\/uploads\/2026\/02\/IMG_6943-1536x2048.jpeg 1536w, https:\/\/borderowo.pl\/wp-content\/uploads\/2026\/02\/IMG_6943-scaled.jpeg 1920w\" sizes=\"(max-width: 768px) 100vw, 768px\" \/><\/figure><div class=\"elementor-image-box-content\"><h3 class=\"elementor-image-box-title\"><span style=\"font-family: &quot;Star Wars&quot;, sans-serif; font-size: 18px; font-style: normal; font-variant-caps: normal;\">nied\u0142ugo pojawi si\u0119 wpis<\/span><span style=\"font-family: &quot;Star Wars&quot;, sans-serif; font-size: 18px; font-style: normal; font-variant-caps: normal;\"><\/span><\/h3><\/div><\/div>\t\t<\/div>\n\t\t\t\t<\/div>\n\t\t\t\t\t<\/div>\n\t\t<\/div>\n\t\t\t\t\t<\/div>\n\t\t<\/section>\n\t\t\t\t<section class=\"elementor-section elementor-top-section elementor-element elementor-element-39801b5 elementor-section-boxed elementor-section-height-default elementor-section-height-default\" data-id=\"39801b5\" data-element_type=\"section\" data-settings=\"{&quot;background_background&quot;:&quot;slideshow&quot;,&quot;background_slideshow_gallery&quot;:[{&quot;id&quot;:513,&quot;url&quot;:&quot;https:\\\/\\\/borderowo.pl\\\/wp-content\\\/uploads\\\/2018\\\/06\\\/space-1164579.png&quot;}],&quot;background_slideshow_loop&quot;:&quot;yes&quot;,&quot;background_slideshow_slide_duration&quot;:5000,&quot;background_slideshow_slide_transition&quot;:&quot;fade&quot;,&quot;background_slideshow_transition_duration&quot;:500}\">\n\t\t\t\t\t\t<div class=\"elementor-container elementor-column-gap-default\">\n\t\t\t\t\t<div class=\"elementor-column elementor-col-100 elementor-top-column elementor-element elementor-element-02f609b elementor-invisible\" data-id=\"02f609b\" data-element_type=\"column\" data-settings=\"{&quot;animation&quot;:&quot;fadeInUp&quot;}\">\n\t\t\t<div class=\"elementor-widget-wrap elementor-element-populated\">\n\t\t\t\t\t\t<div class=\"elementor-element elementor-element-8538ce6 elementor-arrows-position-inside elementor-pagination-position-outside elementor-widget elementor-widget-image-carousel\" data-id=\"8538ce6\" data-element_type=\"widget\" data-settings=\"{&quot;slides_to_show&quot;:&quot;3&quot;,&quot;slides_to_scroll&quot;:&quot;1&quot;,&quot;navigation&quot;:&quot;both&quot;,&quot;autoplay&quot;:&quot;yes&quot;,&quot;pause_on_hover&quot;:&quot;yes&quot;,&quot;pause_on_interaction&quot;:&quot;yes&quot;,&quot;autoplay_speed&quot;:5000,&quot;infinite&quot;:&quot;yes&quot;,&quot;speed&quot;:500}\" data-widget_type=\"image-carousel.default\">\n\t\t\t\t<div class=\"elementor-widget-container\">\n\t\t\t\t\t<div class=\"elementor-image-carousel-wrapper swiper\" dir=\"ltr\">\n\t\t\t<div class=\"elementor-image-carousel swiper-wrapper\" aria-live=\"off\">\n\t\t\t\t\t\t\t\t<div class=\"swiper-slide\" role=\"group\" aria-roledescription=\"slide\" aria-label=\"1 of 14\"><figure class=\"swiper-slide-inner\"><img decoding=\"async\" class=\"swiper-slide-image\" src=\"https:\/\/borderowo.pl\/wp-content\/uploads\/2024\/01\/IMG_2536-768x1024.jpeg\" alt=\"IMG_2536\" \/><\/figure><\/div><div class=\"swiper-slide\" role=\"group\" aria-roledescription=\"slide\" aria-label=\"2 of 14\"><figure class=\"swiper-slide-inner\"><img decoding=\"async\" class=\"swiper-slide-image\" src=\"https:\/\/borderowo.pl\/wp-content\/uploads\/2024\/01\/C0C76BFC-978D-45CF-BC64-CB6D40C7FC63-768x1164.jpeg\" alt=\"C0C76BFC-978D-45CF-BC64-CB6D40C7FC63\" \/><\/figure><\/div><div class=\"swiper-slide\" role=\"group\" aria-roledescription=\"slide\" aria-label=\"3 of 14\"><figure class=\"swiper-slide-inner\"><img decoding=\"async\" class=\"swiper-slide-image\" src=\"https:\/\/borderowo.pl\/wp-content\/uploads\/2020\/08\/2A1A83321.jpg\" alt=\"2A1A83321\" \/><\/figure><\/div><div class=\"swiper-slide\" role=\"group\" aria-roledescription=\"slide\" aria-label=\"4 of 14\"><figure class=\"swiper-slide-inner\"><img decoding=\"async\" class=\"swiper-slide-image\" src=\"https:\/\/borderowo.pl\/wp-content\/uploads\/2020\/07\/2A1A6499-2.jpg\" alt=\"2A1A6499 (2)\" \/><\/figure><\/div><div class=\"swiper-slide\" role=\"group\" aria-roledescription=\"slide\" aria-label=\"5 of 14\"><figure class=\"swiper-slide-inner\"><img decoding=\"async\" class=\"swiper-slide-image\" src=\"https:\/\/borderowo.pl\/wp-content\/uploads\/2026\/02\/Dzidzia-milenium-768x1024.jpg\" alt=\"Dzidzia milenium\" \/><\/figure><\/div><div class=\"swiper-slide\" role=\"group\" aria-roledescription=\"slide\" aria-label=\"6 of 14\"><figure class=\"swiper-slide-inner\"><img decoding=\"async\" class=\"swiper-slide-image\" src=\"https:\/\/borderowo.pl\/wp-content\/uploads\/2026\/02\/Dzidzia-768x1024.jpg\" alt=\"Dzidzia\" \/><\/figure><\/div><div class=\"swiper-slide\" role=\"group\" aria-roledescription=\"slide\" aria-label=\"7 of 14\"><figure class=\"swiper-slide-inner\"><img decoding=\"async\" class=\"swiper-slide-image\" src=\"https:\/\/borderowo.pl\/wp-content\/uploads\/2026\/02\/IMG_5894-1-768x1024.jpeg\" alt=\"IMG_5894\" \/><\/figure><\/div><div class=\"swiper-slide\" role=\"group\" aria-roledescription=\"slide\" aria-label=\"8 of 14\"><figure class=\"swiper-slide-inner\"><img decoding=\"async\" class=\"swiper-slide-image\" src=\"https:\/\/borderowo.pl\/wp-content\/uploads\/2026\/02\/IMG_6943-768x1024.jpeg\" alt=\"IMG_6943\" \/><\/figure><\/div><div class=\"swiper-slide\" role=\"group\" aria-roledescription=\"slide\" aria-label=\"9 of 14\"><figure class=\"swiper-slide-inner\"><img decoding=\"async\" class=\"swiper-slide-image\" src=\"https:\/\/borderowo.pl\/wp-content\/uploads\/2026\/02\/IMG_6965-2-768x1024.jpeg\" alt=\"IMG_6965 2\" \/><\/figure><\/div><div class=\"swiper-slide\" role=\"group\" aria-roledescription=\"slide\" aria-label=\"10 of 14\"><figure class=\"swiper-slide-inner\"><img decoding=\"async\" class=\"swiper-slide-image\" src=\"https:\/\/borderowo.pl\/wp-content\/uploads\/2026\/02\/IMG_5935-1-768x1024.jpeg\" alt=\"IMG_5935\" \/><\/figure><\/div><div class=\"swiper-slide\" role=\"group\" aria-roledescription=\"slide\" aria-label=\"11 of 14\"><figure class=\"swiper-slide-inner\"><img decoding=\"async\" class=\"swiper-slide-image\" src=\"https:\/\/borderowo.pl\/wp-content\/uploads\/2026\/02\/IMG_4271-768x916.jpeg\" alt=\"IMG_4271\" \/><\/figure><\/div><div class=\"swiper-slide\" role=\"group\" aria-roledescription=\"slide\" aria-label=\"12 of 14\"><figure class=\"swiper-slide-inner\"><img decoding=\"async\" class=\"swiper-slide-image\" src=\"https:\/\/borderowo.pl\/wp-content\/uploads\/2026\/02\/IMG_5894-768x1024.jpeg\" alt=\"IMG_5894\" \/><\/figure><\/div><div class=\"swiper-slide\" role=\"group\" aria-roledescription=\"slide\" aria-label=\"13 of 14\"><figure class=\"swiper-slide-inner\"><img decoding=\"async\" class=\"swiper-slide-image\" src=\"https:\/\/borderowo.pl\/wp-content\/uploads\/2026\/02\/IMG_5935-768x1024.jpeg\" alt=\"IMG_5935\" \/><\/figure><\/div><div class=\"swiper-slide\" role=\"group\" aria-roledescription=\"slide\" aria-label=\"14 of 14\"><figure class=\"swiper-slide-inner\"><img decoding=\"async\" class=\"swiper-slide-image\" src=\"https:\/\/borderowo.pl\/wp-content\/uploads\/2026\/02\/IMG_4259-768x1024.jpeg\" alt=\"IMG_4259\" \/><\/figure><\/div>\t\t\t<\/div>\n\t\t\t\t\t\t\t\t\t\t\t\t<div class=\"elementor-swiper-button elementor-swiper-button-prev\" role=\"button\" tabindex=\"0\">\n\t\t\t\t\t\t<i aria-hidden=\"true\" class=\"eicon-chevron-left\"><\/i>\t\t\t\t\t<\/div>\n\t\t\t\t\t<div class=\"elementor-swiper-button elementor-swiper-button-next\" role=\"button\" tabindex=\"0\">\n\t\t\t\t\t\t<i aria-hidden=\"true\" class=\"eicon-chevron-right\"><\/i>\t\t\t\t\t<\/div>\n\t\t\t\t\n\t\t\t\t\t\t\t\t\t<div class=\"swiper-pagination\"><\/div>\n\t\t\t\t\t\t\t\t\t<\/div>\n\t\t\t\t<\/div>\n\t\t\t\t<\/div>\n\t\t\t\t\t<\/div>\n\t\t<\/div>\n\t\t\t\t\t<\/div>\n\t\t<\/section>\n\t\t\t\t<section class=\"elementor-section elementor-top-section elementor-element elementor-element-3a26888 elementor-section-boxed elementor-section-height-default elementor-section-height-default\" data-id=\"3a26888\" data-element_type=\"section\" data-settings=\"{&quot;background_background&quot;:&quot;slideshow&quot;,&quot;background_slideshow_gallery&quot;:[{&quot;id&quot;:513,&quot;url&quot;:&quot;https:\\\/\\\/borderowo.pl\\\/wp-content\\\/uploads\\\/2018\\\/06\\\/space-1164579.png&quot;}],&quot;background_slideshow_loop&quot;:&quot;yes&quot;,&quot;background_slideshow_slide_duration&quot;:5000,&quot;background_slideshow_slide_transition&quot;:&quot;fade&quot;,&quot;background_slideshow_transition_duration&quot;:500}\">\n\t\t\t\t\t\t<div class=\"elementor-container elementor-column-gap-default\">\n\t\t\t\t\t<div class=\"elementor-column elementor-col-100 elementor-top-column elementor-element elementor-element-ea4612f elementor-invisible\" data-id=\"ea4612f\" data-element_type=\"column\" data-settings=\"{&quot;animation&quot;:&quot;fadeInUp&quot;}\">\n\t\t\t<div class=\"elementor-widget-wrap elementor-element-populated\">\n\t\t\t\t\t\t<div class=\"elementor-element elementor-element-45cb724 elementor-arrows-position-inside elementor-pagination-position-outside elementor-widget elementor-widget-image-carousel\" data-id=\"45cb724\" data-element_type=\"widget\" data-settings=\"{&quot;slides_to_show&quot;:&quot;3&quot;,&quot;slides_to_scroll&quot;:&quot;1&quot;,&quot;navigation&quot;:&quot;both&quot;,&quot;autoplay&quot;:&quot;yes&quot;,&quot;pause_on_hover&quot;:&quot;yes&quot;,&quot;pause_on_interaction&quot;:&quot;yes&quot;,&quot;autoplay_speed&quot;:5000,&quot;infinite&quot;:&quot;yes&quot;,&quot;speed&quot;:500}\" data-widget_type=\"image-carousel.default\">\n\t\t\t\t<div class=\"elementor-widget-container\">\n\t\t\t\t\t<div class=\"elementor-image-carousel-wrapper swiper\" dir=\"ltr\">\n\t\t\t<div class=\"elementor-image-carousel swiper-wrapper swiper-image-stretch\" aria-live=\"off\">\n\t\t\t\t\t\t\t\t<div class=\"swiper-slide\" role=\"group\" aria-roledescription=\"slide\" aria-label=\"1 of 4\"><figure class=\"swiper-slide-inner\"><img decoding=\"async\" class=\"swiper-slide-image\" src=\"https:\/\/borderowo.pl\/wp-content\/uploads\/2026\/02\/IMG_2906-768x512.jpg\" alt=\"IMG_2906\" \/><\/figure><\/div><div class=\"swiper-slide\" role=\"group\" aria-roledescription=\"slide\" aria-label=\"2 of 4\"><figure class=\"swiper-slide-inner\"><img decoding=\"async\" class=\"swiper-slide-image\" src=\"https:\/\/borderowo.pl\/wp-content\/uploads\/2026\/02\/IMG_2924-768x512.jpg\" alt=\"IMG_2924\" \/><\/figure><\/div><div class=\"swiper-slide\" role=\"group\" aria-roledescription=\"slide\" aria-label=\"3 of 4\"><figure class=\"swiper-slide-inner\"><img decoding=\"async\" class=\"swiper-slide-image\" src=\"https:\/\/borderowo.pl\/wp-content\/uploads\/2026\/02\/IMG_2976L-768x512.jpg\" alt=\"IMG_2976L\" \/><\/figure><\/div><div class=\"swiper-slide\" role=\"group\" aria-roledescription=\"slide\" aria-label=\"4 of 4\"><figure class=\"swiper-slide-inner\"><img decoding=\"async\" class=\"swiper-slide-image\" src=\"https:\/\/borderowo.pl\/wp-content\/uploads\/2026\/02\/IMG_3456-kopia-768x512.jpeg\" alt=\"IMG_3456-kopia\" \/><\/figure><\/div>\t\t\t<\/div>\n\t\t\t\t\t\t\t\t\t\t\t\t<div class=\"elementor-swiper-button elementor-swiper-button-prev\" role=\"button\" tabindex=\"0\">\n\t\t\t\t\t\t<i aria-hidden=\"true\" class=\"eicon-chevron-left\"><\/i>\t\t\t\t\t<\/div>\n\t\t\t\t\t<div class=\"elementor-swiper-button elementor-swiper-button-next\" role=\"button\" tabindex=\"0\">\n\t\t\t\t\t\t<i aria-hidden=\"true\" class=\"eicon-chevron-right\"><\/i>\t\t\t\t\t<\/div>\n\t\t\t\t\n\t\t\t\t\t\t\t\t\t<div class=\"swiper-pagination\"><\/div>\n\t\t\t\t\t\t\t\t\t<\/div>\n\t\t\t\t<\/div>\n\t\t\t\t<\/div>\n\t\t\t\t\t<\/div>\n\t\t<\/div>\n\t\t\t\t\t<\/div>\n\t\t<\/section>\n\t\t\t\t<\/div>","protected":false},"excerpt":{"rendered":"<p>wywiady z nami w telewizji nasze zwierzaki zawsze bardzo si\u0119 staraj\u0105 praca na planie to dla nas zabawa wywiady z nami w telewizji nied\u0142ugo pojawi si\u0119 wpis<\/p>","protected":false},"author":1,"featured_media":0,"parent":0,"menu_order":0,"comment_status":"closed","ping_status":"closed","template":"","meta":{"_exactmetrics_skip_tracking":false,"_exactmetrics_sitenote_active":false,"_exactmetrics_sitenote_note":"","_exactmetrics_sitenote_category":0,"footnotes":""},"class_list":["post-444","page","type-page","status-publish","hentry","entry"],"_links":{"self":[{"href":"https:\/\/borderowo.pl\/en\/wp-json\/wp\/v2\/pages\/444","targetHints":{"allow":["GET"]}}],"collection":[{"href":"https:\/\/borderowo.pl\/en\/wp-json\/wp\/v2\/pages"}],"about":[{"href":"https:\/\/borderowo.pl\/en\/wp-json\/wp\/v2\/types\/page"}],"author":[{"embeddable":true,"href":"https:\/\/borderowo.pl\/en\/wp-json\/wp\/v2\/users\/1"}],"replies":[{"embeddable":true,"href":"https:\/\/borderowo.pl\/en\/wp-json\/wp\/v2\/comments?post=444"}],"version-history":[{"count":30,"href":"https:\/\/borderowo.pl\/en\/wp-json\/wp\/v2\/pages\/444\/revisions"}],"predecessor-version":[{"id":2605,"href":"https:\/\/borderowo.pl\/en\/wp-json\/wp\/v2\/pages\/444\/revisions\/2605"}],"wp:attachment":[{"href":"https:\/\/borderowo.pl\/en\/wp-json\/wp\/v2\/media?parent=444"}],"curies":[{"name":"wp","href":"https:\/\/api.w.org\/{rel}","templated":true}]}}