{"id":26,"date":"2018-06-01T16:24:40","date_gmt":"2018-06-01T14:24:40","guid":{"rendered":"http:\/\/borderowo.pl\/?page_id=26"},"modified":"2024-02-09T20:11:38","modified_gmt":"2024-02-09T19:11:38","slug":"kontakt","status":"publish","type":"page","link":"https:\/\/borderowo.pl\/en\/kontakt\/","title":{"rendered":"Contact"},"content":{"rendered":"<div data-elementor-type=\"wp-post\" data-elementor-id=\"26\" class=\"elementor elementor-26\">\n\t\t\t\t\t\t<section class=\"elementor-section elementor-top-section elementor-element elementor-element-5b92fe6d elementor-section-full_width elementor-section-height-default elementor-section-height-default\" data-id=\"5b92fe6d\" data-element_type=\"section\">\n\t\t\t\t\t\t<div class=\"elementor-container elementor-column-gap-no\">\n\t\t\t\t\t<div class=\"elementor-column elementor-col-100 elementor-top-column elementor-element elementor-element-5e234606\" data-id=\"5e234606\" data-element_type=\"column\">\n\t\t\t<div class=\"elementor-widget-wrap elementor-element-populated\">\n\t\t\t\t\t\t<div class=\"elementor-element elementor-element-553fcf3a elementor-widget elementor-widget-google_maps\" data-id=\"553fcf3a\" data-element_type=\"widget\" data-widget_type=\"google_maps.default\">\n\t\t\t\t<div class=\"elementor-widget-container\">\n\t\t\t\t\t<div class=\"elementor-custom-embed\">\n\t\t\t<iframe loading=\"lazy\"\n\t\t\t\t\tsrc=\"https:\/\/maps.google.com\/maps?q=Polska%2C%2005-510%20Czarn%C3%B3w%2C%20ul.%20Wakacyjna%205&#038;t=m&#038;z=10&#038;output=embed&#038;iwloc=near\"\n\t\t\t\t\ttitle=\"Polska, 05-510 Czarn\u00f3w, ul. Wakacyjna 5\"\n\t\t\t\t\taria-label=\"Polska, 05-510 Czarn\u00f3w, ul. Wakacyjna 5\"\n\t\t\t><\/iframe>\n\t\t<\/div>\n\t\t\t\t<\/div>\n\t\t\t\t<\/div>\n\t\t\t\t\t<\/div>\n\t\t<\/div>\n\t\t\t\t\t<\/div>\n\t\t<\/section>\n\t\t\t\t<section class=\"elementor-section elementor-top-section elementor-element elementor-element-3c1a0538 elementor-section-boxed elementor-section-height-default elementor-section-height-default\" data-id=\"3c1a0538\" data-element_type=\"section\" data-settings=\"{&quot;background_background&quot;:&quot;classic&quot;}\">\n\t\t\t\t\t\t<div class=\"elementor-container elementor-column-gap-no\">\n\t\t\t\t\t<div class=\"elementor-column elementor-col-50 elementor-top-column elementor-element elementor-element-1088f6bb\" data-id=\"1088f6bb\" data-element_type=\"column\" data-settings=\"{&quot;background_background&quot;:&quot;classic&quot;}\">\n\t\t\t<div class=\"elementor-widget-wrap elementor-element-populated\">\n\t\t\t\t\t\t<div class=\"elementor-element elementor-element-3f753cb9 elementor-widget elementor-widget-heading\" data-id=\"3f753cb9\" data-element_type=\"widget\" data-widget_type=\"heading.default\">\n\t\t\t\t<div class=\"elementor-widget-container\">\n\t\t\t<h3 class=\"elementor-heading-title elementor-size-large\">Arrange a meeting<\/h3>\t\t<\/div>\n\t\t\t\t<\/div>\n\t\t\t\t<div class=\"elementor-element elementor-element-4142d089 elementor-icon-list--layout-traditional elementor-list-item-link-full_width elementor-widget elementor-widget-icon-list\" data-id=\"4142d089\" data-element_type=\"widget\" data-widget_type=\"icon-list.default\">\n\t\t\t\t<div class=\"elementor-widget-container\">\n\t\t\t\t\t<ul class=\"elementor-icon-list-items\">\n\t\t\t\t\t\t\t<li class=\"elementor-icon-list-item\">\n\t\t\t\t\t\t\t\t\t\t\t<span class=\"elementor-icon-list-icon\">\n\t\t\t\t\t\t\t\t\t\t\t\t\t\t\t\t<i class=\"fa fa-home\" aria-hidden=\"true\"><\/i>\n\t\t\t\t\t\t\t\t\t\t\t\t\t<\/span>\n\t\t\t\t\t\t\t\t\t\t<span class=\"elementor-icon-list-text\">05-510 Czarn\u00f3w<\/span>\n\t\t\t\t\t\t\t\t\t<\/li>\n\t\t\t\t\t\t\t\t<li class=\"elementor-icon-list-item\">\n\t\t\t\t\t\t\t\t\t\t\t<span class=\"elementor-icon-list-icon\">\n\t\t\t\t\t\t\t\t\t\t\t\t\t\t\t\t<i class=\"fa fa-phone-square\" aria-hidden=\"true\"><\/i>\n\t\t\t\t\t\t\t\t\t\t\t\t\t<\/span>\n\t\t\t\t\t\t\t\t\t\t<span class=\"elementor-icon-list-text\">+48 604 734 913<\/span>\n\t\t\t\t\t\t\t\t\t<\/li>\n\t\t\t\t\t\t\t\t<li class=\"elementor-icon-list-item\">\n\t\t\t\t\t\t\t\t\t\t\t<span class=\"elementor-icon-list-icon\">\n\t\t\t\t\t\t\t\t\t\t\t\t\t\t\t\t<i class=\"fa fa-envelope\" aria-hidden=\"true\"><\/i>\n\t\t\t\t\t\t\t\t\t\t\t\t\t<\/span>\n\t\t\t\t\t\t\t\t\t\t<span class=\"elementor-icon-list-text\">contact@borderowo.pl<\/span>\n\t\t\t\t\t\t\t\t\t<\/li>\n\t\t\t\t\t\t<\/ul>\n\t\t\t\t<\/div>\n\t\t\t\t<\/div>\n\t\t\t\t\t<\/div>\n\t\t<\/div>\n\t\t\t\t<div class=\"elementor-column elementor-col-50 elementor-top-column elementor-element elementor-element-7b44acc\" data-id=\"7b44acc\" data-element_type=\"column\">\n\t\t\t<div class=\"elementor-widget-wrap elementor-element-populated\">\n\t\t\t\t\t\t<div class=\"elementor-element elementor-element-9ec9caf elementor-widget elementor-widget-shortcode\" data-id=\"9ec9caf\" data-element_type=\"widget\" data-widget_type=\"shortcode.default\">\n\t\t\t\t<div class=\"elementor-widget-container\">\n\t\t\t\t\t<div class=\"elementor-shortcode\">\n<div class=\"wpcf7 no-js\" id=\"wpcf7-f871-o1\" lang=\"pl-PL\" dir=\"ltr\" data-wpcf7-id=\"871\">\n<div class=\"screen-reader-response\"><p role=\"status\" aria-live=\"polite\" aria-atomic=\"true\"><\/p> <ul><\/ul><\/div>\n<form action=\"\/en\/wp-json\/wp\/v2\/pages\/26#wpcf7-f871-o1\" method=\"post\" class=\"wpcf7-form init\" aria-label=\"Formularz kontaktowy\" novalidate=\"novalidate\" data-status=\"init\" data-trp-original-action=\"\/en\/wp-json\/wp\/v2\/pages\/26#wpcf7-f871-o1\">\n<div style=\"display: none;\">\n<input type=\"hidden\" name=\"_wpcf7\" value=\"871\" \/>\n<input type=\"hidden\" name=\"_wpcf7_version\" value=\"6.0.6\" \/>\n<input type=\"hidden\" name=\"_wpcf7_locale\" value=\"pl_PL\" \/>\n<input type=\"hidden\" name=\"_wpcf7_unit_tag\" value=\"wpcf7-f871-o1\" \/>\n<input type=\"hidden\" name=\"_wpcf7_container_post\" value=\"0\" \/>\n<input type=\"hidden\" name=\"_wpcf7_posted_data_hash\" value=\"\" \/>\n<\/div>\n<p><label> First and last name (required)<br \/>\n<span class=\"wpcf7-form-control-wrap\" data-name=\"your-name\"><input size=\"40\" maxlength=\"400\" class=\"wpcf7-form-control wpcf7-text wpcf7-validates-as-required\" aria-required=\"true\" aria-invalid=\"false\" value=\"\" type=\"text\" name=\"your-name\" \/><\/span> <\/label><br \/>\n<label> Phone number (required)<br \/>\n<span class=\"wpcf7-form-control-wrap\" data-name=\"tel-265\"><input size=\"40\" maxlength=\"400\" class=\"wpcf7-form-control wpcf7-tel wpcf7-validates-as-required wpcf7-text wpcf7-validates-as-tel\" aria-required=\"true\" aria-invalid=\"false\" placeholder=\"123 456 789\" value=\"\" type=\"tel\" name=\"tel-265\" \/><\/span> <\/label><br \/>\n<label> E-mail address (required)<br \/>\n<span class=\"wpcf7-form-control-wrap\" data-name=\"your-email\"><input size=\"40\" maxlength=\"400\" class=\"wpcf7-form-control wpcf7-email wpcf7-validates-as-required wpcf7-text wpcf7-validates-as-email\" aria-required=\"true\" aria-invalid=\"false\" value=\"\" type=\"email\" name=\"your-email\" \/><\/span> <\/label><br \/>\nSelect a subject from the list (required)<br \/>\n<span class=\"wpcf7-form-control-wrap\" data-name=\"menu-561\"><select class=\"wpcf7-form-control wpcf7-select\" aria-invalid=\"false\" name=\"menu-561\"><option value=\"Porada behawioralna\">Porada behawioralna<\/option><option value=\"Szkolenie - Pos\u0142usze\u0144stwo na luzie\">Szkolenie - Pos\u0142usze\u0144stwo na luzie<\/option><option value=\"Szkolenie - Inteligencja i sztuczki\">Szkolenie - Inteligencja i sztuczki<\/option><option value=\"Szkolenie - Frisbee i agility\">Szkolenie - Frisbee i agility<\/option><option value=\"Szkolenie - Trening pasterski\">Szkolenie - Trening pasterski<\/option><option value=\"Hotel dla ps\u00f3w i kot\u00f3w\">Hotel dla ps\u00f3w i kot\u00f3w<\/option><option value=\"Lekcja przyrody w owczarni\">Nature lesson in the sheepfold<\/option><option value=\"Hodowla - Szukam szczeniaka\">Hodowla - Szukam szczeniaka<\/option><\/select><\/span><br \/>\nYour experience level<br \/>\n<span class=\"wpcf7-form-control-wrap\" data-name=\"radio-350\"><span class=\"wpcf7-form-control wpcf7-radio\"><span class=\"wpcf7-list-item first\"><input type=\"radio\" name=\"radio-350\" value=\"Podstawowy\" checked=\"checked\" \/><span class=\"wpcf7-list-item-label\">Basic<\/span><\/span><span class=\"wpcf7-list-item\"><input type=\"radio\" name=\"radio-350\" value=\"\u015aredni\" \/><span class=\"wpcf7-list-item-label\">Medium<\/span><\/span><span class=\"wpcf7-list-item\"><input type=\"radio\" name=\"radio-350\" value=\"Zaawansowany\" \/><span class=\"wpcf7-list-item-label\">Advanced<\/span><\/span><span class=\"wpcf7-list-item last\"><input type=\"radio\" name=\"radio-350\" value=\"Nie dotyczy\" \/><span class=\"wpcf7-list-item-label\">Not applicable<\/span><\/span><\/span><\/span><br \/>\n<label> Add a message<br \/>\n<span class=\"wpcf7-form-control-wrap\" data-name=\"your-message\"><textarea cols=\"40\" rows=\"10\" maxlength=\"2000\" class=\"wpcf7-form-control wpcf7-textarea\" aria-invalid=\"false\" name=\"your-message\"><\/textarea><\/span> <\/label><br \/>\n<span class=\"wpcf7-form-control-wrap\" data-name=\"acceptance-701\"><span class=\"wpcf7-form-control wpcf7-acceptance\"><span class=\"wpcf7-list-item\"><label><input type=\"checkbox\" name=\"acceptance-701\" value=\"1\" aria-invalid=\"false\" \/><span class=\"wpcf7-list-item-label\">Dobrowolnie wyra\u017cam zgod\u0119 na przetwarzanie moich danych osobowych przez administratora danych Borderowo.pl w celu nawi\u0105zania kontaktu.<\/span><\/label><\/span><\/span><\/span><br \/>\n<span class=\"wpcf7-form-control-wrap\" data-name=\"checkbox-109\"><span class=\"wpcf7-form-control wpcf7-checkbox\"><span class=\"wpcf7-list-item first last\"><input type=\"checkbox\" name=\"checkbox-109[]\" value=\"(Tylko dla ch\u0119tnych) Dobrowolnie wyra\u017cam zgod\u0119 na rejestracj\u0119 i publikacj\u0119 mojego wizerunku w materia\u0142ach podsumowuj\u0105cych spotkanie, publikowanych na stronie Borderowo.pl oraz na stronach w serwisie facebook.com prowadzonych przez Borderowo.pl.\" \/><span class=\"wpcf7-list-item-label\">(Tylko dla ch\u0119tnych) Dobrowolnie wyra\u017cam zgod\u0119 na rejestracj\u0119 i publikacj\u0119 mojego wizerunku w materia\u0142ach podsumowuj\u0105cych spotkanie, publikowanych na stronie Borderowo.pl oraz na stronach w serwisie facebook.com prowadzonych przez Borderowo.pl.<\/span><\/span><\/span><\/span>\n<\/p>\n<p><input class=\"wpcf7-form-control wpcf7-submit has-spinner\" type=\"submit\" value=\"Submit\" \/>\n<\/p><div class=\"wpcf7-response-output\" aria-hidden=\"true\"><\/div>\n<input type=\"hidden\" name=\"trp-form-language\" value=\"en\"\/><\/form>\n<\/div>\n<\/div>\n\t\t\t\t<\/div>\n\t\t\t\t<\/div>\n\t\t\t\t\t<\/div>\n\t\t<\/div>\n\t\t\t\t\t<\/div>\n\t\t<\/section>\n\t\t\t\t<\/div>","protected":false},"excerpt":{"rendered":"<p>Um\u00f3w si\u0119 z nami 05-510 Czarn\u00f3w +48 604 734 913 kontakt@borderowo.pl<\/p>","protected":false},"author":1,"featured_media":0,"parent":0,"menu_order":0,"comment_status":"closed","ping_status":"closed","template":"","meta":{"_exactmetrics_skip_tracking":false,"_exactmetrics_sitenote_active":false,"_exactmetrics_sitenote_note":"","_exactmetrics_sitenote_category":0,"footnotes":""},"class_list":["post-26","page","type-page","status-publish","hentry","entry"],"_links":{"self":[{"href":"https:\/\/borderowo.pl\/en\/wp-json\/wp\/v2\/pages\/26","targetHints":{"allow":["GET"]}}],"collection":[{"href":"https:\/\/borderowo.pl\/en\/wp-json\/wp\/v2\/pages"}],"about":[{"href":"https:\/\/borderowo.pl\/en\/wp-json\/wp\/v2\/types\/page"}],"author":[{"embeddable":true,"href":"https:\/\/borderowo.pl\/en\/wp-json\/wp\/v2\/users\/1"}],"replies":[{"embeddable":true,"href":"https:\/\/borderowo.pl\/en\/wp-json\/wp\/v2\/comments?post=26"}],"version-history":[{"count":20,"href":"https:\/\/borderowo.pl\/en\/wp-json\/wp\/v2\/pages\/26\/revisions"}],"predecessor-version":[{"id":2190,"href":"https:\/\/borderowo.pl\/en\/wp-json\/wp\/v2\/pages\/26\/revisions\/2190"}],"wp:attachment":[{"href":"https:\/\/borderowo.pl\/en\/wp-json\/wp\/v2\/media?parent=26"}],"curies":[{"name":"wp","href":"https:\/\/api.w.org\/{rel}","templated":true}]}}