{"id":20,"date":"2018-06-01T16:22:32","date_gmt":"2018-06-01T14:22:32","guid":{"rendered":"http:\/\/borderowo.pl\/?page_id=20"},"modified":"2025-05-07T15:18:49","modified_gmt":"2025-05-07T13:18:49","slug":"home","status":"publish","type":"page","link":"https:\/\/borderowo.pl\/en\/","title":{"rendered":"Start"},"content":{"rendered":"<div data-elementor-type=\"wp-post\" data-elementor-id=\"20\" class=\"elementor elementor-20\">\n\t\t\t\t\t\t<section class=\"elementor-section elementor-top-section elementor-element elementor-element-2a3abdb5 elementor-section-full_width elementor-section-height-full elementor-section-height-default elementor-section-items-middle\" data-id=\"2a3abdb5\" data-element_type=\"section\" data-settings=\"{&quot;background_background&quot;:&quot;video&quot;,&quot;background_video_link&quot;:&quot;https:\\\/\\\/youtu.be\\\/DcFJJPU9aDI&quot;}\">\n\t\t\t\t\t\t\t\t<div class=\"elementor-background-video-container elementor-hidden-mobile\">\n\t\t\t\t\t\t\t\t\t\t\t\t\t<div class=\"elementor-background-video-embed\"><\/div>\n\t\t\t\t\t\t\t\t\t\t\t\t<\/div>\n\t\t\t\t\t\t\t\t\t<div class=\"elementor-background-overlay\"><\/div>\n\t\t\t\t\t\t\t<div class=\"elementor-container elementor-column-gap-default\">\n\t\t\t\t\t<div class=\"elementor-column elementor-col-100 elementor-top-column elementor-element elementor-element-2d854684\" data-id=\"2d854684\" data-element_type=\"column\" data-settings=\"{&quot;background_background&quot;:&quot;classic&quot;}\">\n\t\t\t<div class=\"elementor-widget-wrap elementor-element-populated\">\n\t\t\t\t\t\t<div class=\"elementor-element elementor-element-5cffc6aa elementor-widget elementor-widget-heading\" data-id=\"5cffc6aa\" data-element_type=\"widget\" data-widget_type=\"heading.default\">\n\t\t\t\t<div class=\"elementor-widget-container\">\n\t\t\t<h2 class=\"elementor-heading-title elementor-size-large\">Dog training is our passion<\/h2>\t\t<\/div>\n\t\t\t\t<\/div>\n\t\t\t\t<div class=\"elementor-element elementor-element-177d51e3 elementor-widget elementor-widget-heading\" data-id=\"177d51e3\" data-element_type=\"widget\" data-widget_type=\"heading.default\">\n\t\t\t\t<div class=\"elementor-widget-container\">\n\t\t\t<p class=\"elementor-heading-title elementor-size-medium\"><br> We love dogs and happily share our knowledge about them. We know how to help you to develop your dog's skills and deepen your relationship through work and fun. Please, visit our family sheepfold near Warsaw. <br> <br>Mieszkasz daleko? Nie szkodzi. Wybrane szkolenia online ju\u017c wkr\u00f3tce na naszej stronie!<\/p>\t\t<\/div>\n\t\t\t\t<\/div>\n\t\t\t\t<div class=\"elementor-element elementor-element-69bf942a elementor-widget elementor-widget-spacer\" data-id=\"69bf942a\" data-element_type=\"widget\" data-widget_type=\"spacer.default\">\n\t\t\t\t<div class=\"elementor-widget-container\">\n\t\t\t\t\t<div class=\"elementor-spacer\">\n\t\t\t<div class=\"elementor-spacer-inner\"><\/div>\n\t\t<\/div>\n\t\t\t\t<\/div>\n\t\t\t\t<\/div>\n\t\t\t\t<div class=\"elementor-element elementor-element-c298d48 elementor-mobile-align-center elementor-align-center elementor-widget elementor-widget-button\" data-id=\"c298d48\" data-element_type=\"widget\" data-widget_type=\"button.default\">\n\t\t\t\t<div class=\"elementor-widget-container\">\n\t\t\t\t\t\t\t<div class=\"elementor-button-wrapper\">\n\t\t\t\t\t<a class=\"elementor-button elementor-button-link elementor-size-md\" href=\"https:\/\/borderowo.pl\/en\/szkolenia\/\">\n\t\t\t\t\t\t<span class=\"elementor-button-content-wrapper\">\n\t\t\t\t\t\t<span class=\"elementor-button-icon\">\n\t\t\t\t\t\t\t\t\t<i class=\"fa fa-angle-right\" aria-hidden=\"true\"><\/i>\n\t\t\t\t\t\t\t<\/span>\n\t\t\t\t\t\t\t\t\t<span class=\"elementor-button-text\">Choose a training<\/span>\n\t\t\t\t\t<\/span>\n\t\t\t\t\t<\/a>\n\t\t\t\t<\/div>\n\t\t\t\t\t\t<\/div>\n\t\t\t\t<\/div>\n\t\t\t\t<div class=\"elementor-element elementor-element-73bba1fb elementor-widget elementor-widget-spacer\" data-id=\"73bba1fb\" data-element_type=\"widget\" data-widget_type=\"spacer.default\">\n\t\t\t\t<div class=\"elementor-widget-container\">\n\t\t\t\t\t<div class=\"elementor-spacer\">\n\t\t\t<div class=\"elementor-spacer-inner\"><\/div>\n\t\t<\/div>\n\t\t\t\t<\/div>\n\t\t\t\t<\/div>\n\t\t\t\t\t<\/div>\n\t\t<\/div>\n\t\t\t\t\t<\/div>\n\t\t<\/section>\n\t\t\t\t<section class=\"elementor-section elementor-top-section elementor-element elementor-element-2f428192 elementor-section-full_width elementor-section-height-full elementor-section-content-middle elementor-section-height-default elementor-section-items-middle\" data-id=\"2f428192\" data-element_type=\"section\" data-settings=\"{&quot;background_background&quot;:&quot;classic&quot;}\">\n\t\t\t\t\t\t<div class=\"elementor-container elementor-column-gap-default\">\n\t\t\t\t\t<div class=\"elementor-column elementor-col-50 elementor-top-column elementor-element elementor-element-c1b6ba6\" data-id=\"c1b6ba6\" data-element_type=\"column\">\n\t\t\t<div class=\"elementor-widget-wrap elementor-element-populated\">\n\t\t\t\t\t\t<div class=\"elementor-element elementor-element-69f187a elementor-widget elementor-widget-heading\" data-id=\"69f187a\" data-element_type=\"widget\" data-widget_type=\"heading.default\">\n\t\t\t\t<div class=\"elementor-widget-container\">\n\t\t\t<h3 class=\"elementor-heading-title elementor-size-xxl\">Border Collie Kennel<\/h3>\t\t<\/div>\n\t\t\t\t<\/div>\n\t\t\t\t<div class=\"elementor-element elementor-element-23e15e6 elementor-widget elementor-widget-image\" data-id=\"23e15e6\" data-element_type=\"widget\" data-widget_type=\"image.default\">\n\t\t\t\t<div class=\"elementor-widget-container\">\n\t\t\t\t\t\t\t\t\t\t\t\t\t<img decoding=\"async\" src=\"https:\/\/borderowo.pl\/wp-content\/uploads\/elementor\/thumbs\/ZKWP-FCI-nrv5g6m1ag3108jqsm64ulvwjs8dilkucvf23vrfyk.png\" title=\"ZKWP-FCI\" alt=\"ZKWP-FCI\" loading=\"lazy\" \/>\t\t\t\t\t\t\t\t\t\t\t\t\t<\/div>\n\t\t\t\t<\/div>\n\t\t\t\t<div class=\"elementor-element elementor-element-f00d26a elementor-widget elementor-widget-text-editor\" data-id=\"f00d26a\" data-element_type=\"widget\" data-widget_type=\"text-editor.default\">\n\t\t\t\t<div class=\"elementor-widget-container\">\n\t\t\t\t\t\t\t<p>We have always loved dogs. We started our Border Collies kennel several years ago. Our dogs are part of the family, they live with us at home, they participate in our lives and even travel with us for holidays. The whole family is participating in their balanced, comprehensive development. They are treated with love and respect.<\/p><p><span style=\"font-family: Lora, sans-serif; font-size: 14px; font-style: normal; font-variant-caps: normal;\">Our kennel is registered in The Polish Kennel Club, which is the only Polish member of the World Canine Organisation (FCI).<\/span><span style=\"font-family: Lora, sans-serif; font-size: 14px; font-style: normal; font-variant-caps: normal;\">\u00a0<\/span><\/p>\t\t\t\t\t\t<\/div>\n\t\t\t\t<\/div>\n\t\t\t\t<div class=\"elementor-element elementor-element-e293ed8 elementor-mobile-align-center elementor-align-center elementor-widget elementor-widget-button\" data-id=\"e293ed8\" data-element_type=\"widget\" data-widget_type=\"button.default\">\n\t\t\t\t<div class=\"elementor-widget-container\">\n\t\t\t\t\t\t\t<div class=\"elementor-button-wrapper\">\n\t\t\t\t\t<a class=\"elementor-button elementor-button-link elementor-size-md\" href=\"\/en\/hodowla\/\">\n\t\t\t\t\t\t<span class=\"elementor-button-content-wrapper\">\n\t\t\t\t\t\t<span class=\"elementor-button-icon\">\n\t\t\t\t\t\t\t\t\t<i class=\"fa fa-angle-right\" aria-hidden=\"true\"><\/i>\n\t\t\t\t\t\t\t<\/span>\n\t\t\t\t\t\t\t\t\t<span class=\"elementor-button-text\">Meet our dogs<\/span>\n\t\t\t\t\t<\/span>\n\t\t\t\t\t<\/a>\n\t\t\t\t<\/div>\n\t\t\t\t\t\t<\/div>\n\t\t\t\t<\/div>\n\t\t\t\t\t<\/div>\n\t\t<\/div>\n\t\t\t\t<div class=\"elementor-column elementor-col-50 elementor-top-column elementor-element elementor-element-4010c3be\" data-id=\"4010c3be\" data-element_type=\"column\" data-settings=\"{&quot;background_background&quot;:&quot;classic&quot;}\">\n\t\t\t<div class=\"elementor-widget-wrap elementor-element-populated\">\n\t\t\t\t\t\t<div class=\"elementor-element elementor-element-21b9404f elementor-hidden-phone elementor-widget elementor-widget-image\" data-id=\"21b9404f\" data-element_type=\"widget\" data-widget_type=\"image.default\">\n\t\t\t\t<div class=\"elementor-widget-container\">\n\t\t\t\t\t\t\t\t\t\t\t\t\t\t<a href=\"http:\/\/hodowla\">\n\t\t\t\t\t\t\t<img fetchpriority=\"high\" decoding=\"async\" width=\"5252\" height=\"3751\" src=\"https:\/\/borderowo.pl\/wp-content\/uploads\/2018\/09\/IMG_4828.jpg\" class=\"attachment-full size-full wp-image-1347\" alt=\"\" srcset=\"https:\/\/borderowo.pl\/wp-content\/uploads\/2018\/09\/IMG_4828.jpg 5252w, https:\/\/borderowo.pl\/wp-content\/uploads\/2018\/09\/IMG_4828-300x214.jpg 300w, https:\/\/borderowo.pl\/wp-content\/uploads\/2018\/09\/IMG_4828-768x549.jpg 768w, https:\/\/borderowo.pl\/wp-content\/uploads\/2018\/09\/IMG_4828-1024x731.jpg 1024w\" sizes=\"(max-width: 5252px) 100vw, 5252px\" \/>\t\t\t\t\t\t\t\t<\/a>\n\t\t\t\t\t\t\t\t\t\t\t\t\t<\/div>\n\t\t\t\t<\/div>\n\t\t\t\t\t<\/div>\n\t\t<\/div>\n\t\t\t\t\t<\/div>\n\t\t<\/section>\n\t\t\t\t<section class=\"elementor-section elementor-top-section elementor-element elementor-element-715f7628 elementor-section-items-bottom elementor-section-content-bottom elementor-section-full_width elementor-section-height-full elementor-section-height-default\" data-id=\"715f7628\" data-element_type=\"section\" data-settings=\"{&quot;background_background&quot;:&quot;classic&quot;}\">\n\t\t\t\t\t\t\t<div class=\"elementor-background-overlay\"><\/div>\n\t\t\t\t\t\t\t<div class=\"elementor-container elementor-column-gap-default\">\n\t\t\t\t\t<div class=\"elementor-column elementor-col-50 elementor-top-column elementor-element elementor-element-4384d6c0\" data-id=\"4384d6c0\" data-element_type=\"column\" data-settings=\"{&quot;background_background&quot;:&quot;classic&quot;}\">\n\t\t\t<div class=\"elementor-widget-wrap elementor-element-populated\">\n\t\t\t\t\t\t<div class=\"elementor-element elementor-element-68d8f1eb elementor-widget elementor-widget-heading\" data-id=\"68d8f1eb\" data-element_type=\"widget\" data-widget_type=\"heading.default\">\n\t\t\t\t<div class=\"elementor-widget-container\">\n\t\t\t<h1 class=\"elementor-heading-title elementor-size-xl\">Nature lesson in the sheepfold<\/h1>\t\t<\/div>\n\t\t\t\t<\/div>\n\t\t\t\t<div class=\"elementor-element elementor-element-247a5ff9 elementor-widget elementor-widget-text-editor\" data-id=\"247a5ff9\" data-element_type=\"widget\" data-widget_type=\"text-editor.default\">\n\t\t\t\t<div class=\"elementor-widget-container\">\n\t\t\t\t\t\t\t<p>We set up our sheepfold with kids in mind, too. We invite kids from nearby schools and preschools, in groups and individually. Observation of the sheep is an informative adventure, because of their calmness, cheerfulness and clearly visible ties in the herd. Such a nature lesson is hard to forget!<\/p>\t\t\t\t\t\t<\/div>\n\t\t\t\t<\/div>\n\t\t\t\t<div class=\"elementor-element elementor-element-f6030a9 elementor-mobile-align-center elementor-align-left elementor-widget elementor-widget-button\" data-id=\"f6030a9\" data-element_type=\"widget\" data-widget_type=\"button.default\">\n\t\t\t\t<div class=\"elementor-widget-container\">\n\t\t\t\t\t\t\t<div class=\"elementor-button-wrapper\">\n\t\t\t\t\t<a class=\"elementor-button elementor-button-link elementor-size-md\" href=\"https:\/\/borderowo.pl\/en\/kontakt\/\">\n\t\t\t\t\t\t<span class=\"elementor-button-content-wrapper\">\n\t\t\t\t\t\t<span class=\"elementor-button-icon\">\n\t\t\t\t\t\t\t\t\t<i class=\"fa fa-angle-right\" aria-hidden=\"true\"><\/i>\n\t\t\t\t\t\t\t<\/span>\n\t\t\t\t\t\t\t\t\t<span class=\"elementor-button-text\">Plan a lesson<\/span>\n\t\t\t\t\t<\/span>\n\t\t\t\t\t<\/a>\n\t\t\t\t<\/div>\n\t\t\t\t\t\t<\/div>\n\t\t\t\t<\/div>\n\t\t\t\t\t<\/div>\n\t\t<\/div>\n\t\t\t\t<div class=\"elementor-column elementor-col-50 elementor-top-column elementor-element elementor-element-45caf202\" data-id=\"45caf202\" data-element_type=\"column\">\n\t\t\t<div class=\"elementor-widget-wrap\">\n\t\t\t\t\t\t\t<\/div>\n\t\t<\/div>\n\t\t\t\t\t<\/div>\n\t\t<\/section>\n\t\t\t\t<section class=\"elementor-section elementor-top-section elementor-element elementor-element-670795b6 elementor-section-height-min-height elementor-section-boxed elementor-section-height-default elementor-section-items-middle\" data-id=\"670795b6\" data-element_type=\"section\" data-settings=\"{&quot;background_background&quot;:&quot;slideshow&quot;,&quot;background_slideshow_gallery&quot;:[{&quot;id&quot;:1398,&quot;url&quot;:&quot;http:\\\/\\\/borderowo.pl\\\/wp-content\\\/uploads\\\/2020\\\/05\\\/68609852_717998571975689_4603137066413326336_o.jpg&quot;},{&quot;id&quot;:2183,&quot;url&quot;:&quot;http:\\\/\\\/borderowo.pl\\\/wp-content\\\/uploads\\\/2024\\\/01\\\/7-bc.jpeg&quot;},{&quot;id&quot;:1399,&quot;url&quot;:&quot;http:\\\/\\\/borderowo.pl\\\/wp-content\\\/uploads\\\/2020\\\/05\\\/2A1A2309_Snapseed-scaled.jpg&quot;},{&quot;id&quot;:1370,&quot;url&quot;:&quot;http:\\\/\\\/borderowo.pl\\\/wp-content\\\/uploads\\\/2020\\\/05\\\/2A1A9838-l-scaled.jpg&quot;},{&quot;id&quot;:2154,&quot;url&quot;:&quot;http:\\\/\\\/borderowo.pl\\\/wp-content\\\/uploads\\\/2024\\\/01\\\/IMG_3551-4-scaled.jpeg&quot;},{&quot;id&quot;:1396,&quot;url&quot;:&quot;http:\\\/\\\/borderowo.pl\\\/wp-content\\\/uploads\\\/2020\\\/05\\\/2A1A1677-scaled.jpg&quot;},{&quot;id&quot;:2187,&quot;url&quot;:&quot;http:\\\/\\\/borderowo.pl\\\/wp-content\\\/uploads\\\/2024\\\/01\\\/IMG_7673-scaled.jpeg&quot;},{&quot;id&quot;:2186,&quot;url&quot;:&quot;http:\\\/\\\/borderowo.pl\\\/wp-content\\\/uploads\\\/2024\\\/01\\\/IMG_7899-scaled.jpeg&quot;},{&quot;id&quot;:2184,&quot;url&quot;:&quot;http:\\\/\\\/borderowo.pl\\\/wp-content\\\/uploads\\\/2024\\\/01\\\/IMG_6649-2-scaled.jpeg&quot;},{&quot;id&quot;:2188,&quot;url&quot;:&quot;http:\\\/\\\/borderowo.pl\\\/wp-content\\\/uploads\\\/2024\\\/01\\\/IMG_6976-scaled.jpeg&quot;}],&quot;background_slideshow_loop&quot;:&quot;yes&quot;,&quot;background_slideshow_slide_duration&quot;:5000,&quot;background_slideshow_slide_transition&quot;:&quot;fade&quot;,&quot;background_slideshow_transition_duration&quot;:500}\">\n\t\t\t\t\t\t\t<div class=\"elementor-background-overlay\"><\/div>\n\t\t\t\t\t\t\t<div class=\"elementor-container elementor-column-gap-no\">\n\t\t\t\t\t<div class=\"elementor-column elementor-col-100 elementor-top-column elementor-element elementor-element-69ec8e2e\" data-id=\"69ec8e2e\" data-element_type=\"column\">\n\t\t\t<div class=\"elementor-widget-wrap elementor-element-populated\">\n\t\t\t\t\t\t<div class=\"elementor-element elementor-element-671ba2a9 elementor-widget elementor-widget-heading\" data-id=\"671ba2a9\" data-element_type=\"widget\" data-widget_type=\"heading.default\">\n\t\t\t\t<div class=\"elementor-widget-container\">\n\t\t\t<h3 class=\"elementor-heading-title elementor-size-large\">Domowy  hotelik dla ps\u00f3w<\/h3>\t\t<\/div>\n\t\t\t\t<\/div>\n\t\t\t\t<div class=\"elementor-element elementor-element-771d2516 elementor-widget elementor-widget-text-editor\" data-id=\"771d2516\" data-element_type=\"widget\" data-widget_type=\"text-editor.default\">\n\t\t\t\t<div class=\"elementor-widget-container\">\n\t\t\t\t\t\t\t<p>W naszym domowym hotelu psy przebywaj\u0105 z nami, nie posiadamy kojc\u00f3w. Nasi psi go\u015bcie maj\u0105 dost\u0119p do wszystkich pomieszcze\u0144 w domu oraz maj\u0105 do dyspozycji nasz ca\u0142y ogr\u00f3d. W ogrodzie posiadamy parkur &#8211; przeszkody agility, tunele oraz slalom. Kilka razy dzienie wychodzmy z naszymi go\u015bci na spacery do pobliskiego lasu oraz na \u0142\u0105ki. Zawsze staramy si\u0119 zapewni\u0107 bezpiecze\u0144stwo oraz komfort naszym podopiecznym, nie nara\u017camy ich na dodatkowy stres, pilnujemy prawid\u0142owych relacji.\u00a0<\/p><p>Podczas pobytu oferujemy:<\/p><p>\u00a0&#8211; szkolenie w zakresie pos\u0142usze\u0144stwa<\/p><p>&#8211; szkolenie wprowadzaj\u0105ce w sporty kynologiczne<\/p><p>&#8211; zabiegi piel\u0119gnacyjne<\/p><p>&#8211; wizyty u weterynarzy<\/p><p>Zapewniamy domow\u0105 atmosfer\u0119, du\u017co ruchu i zabaw.\u00a0<\/p>\t\t\t\t\t\t<\/div>\n\t\t\t\t<\/div>\n\t\t\t\t<div class=\"elementor-element elementor-element-5fa531a elementor-mobile-align-center elementor-align-center elementor-widget elementor-widget-button\" data-id=\"5fa531a\" data-element_type=\"widget\" data-widget_type=\"button.default\">\n\t\t\t\t<div class=\"elementor-widget-container\">\n\t\t\t\t\t\t\t<div class=\"elementor-button-wrapper\">\n\t\t\t\t\t<a class=\"elementor-button elementor-button-link elementor-size-md\" href=\"https:\/\/borderowo.pl\/en\/hoteldlapsow\/\">\n\t\t\t\t\t\t<span class=\"elementor-button-content-wrapper\">\n\t\t\t\t\t\t<span class=\"elementor-button-icon\">\n\t\t\t\t<i aria-hidden=\"true\" class=\"fas fa-angle-right\"><\/i>\t\t\t<\/span>\n\t\t\t\t\t\t\t\t\t<span class=\"elementor-button-text\">zobacz naszych podopiecznych<\/span>\n\t\t\t\t\t<\/span>\n\t\t\t\t\t<\/a>\n\t\t\t\t<\/div>\n\t\t\t\t\t\t<\/div>\n\t\t\t\t<\/div>\n\t\t\t\t<section class=\"elementor-section elementor-inner-section elementor-element elementor-element-8b3a882 elementor-section-full_width elementor-section-height-default elementor-section-height-default\" data-id=\"8b3a882\" data-element_type=\"section\">\n\t\t\t\t\t\t<div class=\"elementor-container elementor-column-gap-default\">\n\t\t\t\t\t<div class=\"elementor-column elementor-col-100 elementor-inner-column elementor-element elementor-element-9c608bc\" data-id=\"9c608bc\" data-element_type=\"column\">\n\t\t\t<div class=\"elementor-widget-wrap elementor-element-populated\">\n\t\t\t\t\t\t<div class=\"elementor-element elementor-element-cd27f3c elementor-mobile-align-center elementor-align-center elementor-widget elementor-widget-button\" data-id=\"cd27f3c\" data-element_type=\"widget\" data-widget_type=\"button.default\">\n\t\t\t\t<div class=\"elementor-widget-container\">\n\t\t\t\t\t\t\t<div class=\"elementor-button-wrapper\">\n\t\t\t\t\t<a class=\"elementor-button elementor-button-link elementor-size-md\" href=\"https:\/\/borderowo.pl\/en\/kontakt\/\">\n\t\t\t\t\t\t<span class=\"elementor-button-content-wrapper\">\n\t\t\t\t\t\t<span class=\"elementor-button-icon\">\n\t\t\t\t\t\t\t\t\t<i class=\"fa fa-angle-right\" aria-hidden=\"true\"><\/i>\n\t\t\t\t\t\t\t<\/span>\n\t\t\t\t\t\t\t\t\t<span class=\"elementor-button-text\">Arrange a meeting<\/span>\n\t\t\t\t\t<\/span>\n\t\t\t\t\t<\/a>\n\t\t\t\t<\/div>\n\t\t\t\t\t\t<\/div>\n\t\t\t\t<\/div>\n\t\t\t\t\t<\/div>\n\t\t<\/div>\n\t\t\t\t\t<\/div>\n\t\t<\/section>\n\t\t\t\t<div class=\"elementor-element elementor-element-7a6d2b9 elementor-widget-divider--view-line elementor-widget elementor-widget-divider\" data-id=\"7a6d2b9\" data-element_type=\"widget\" data-widget_type=\"divider.default\">\n\t\t\t\t<div class=\"elementor-widget-container\">\n\t\t\t\t\t<div class=\"elementor-divider\">\n\t\t\t<span class=\"elementor-divider-separator\">\n\t\t\t\t\t\t<\/span>\n\t\t<\/div>\n\t\t\t\t<\/div>\n\t\t\t\t<\/div>\n\t\t\t\t\t<\/div>\n\t\t<\/div>\n\t\t\t\t\t<\/div>\n\t\t<\/section>\n\t\t\t\t<\/div>","protected":false},"excerpt":{"rendered":"<p>Szkolenie ps\u00f3w to nasza pasja Kochamy psy i ch\u0119tnie dzielimy si\u0119 wiedz\u0105. Z nami wszechstronnie rozwiniesz umiej\u0119tno\u015bci psa i pog\u0142\u0119bisz wasz\u0105 relacj\u0119 w oparciu o zabaw\u0119 i prac\u0119. Serdecznie zapraszamy do naszej rodzinnej owczarni pod Warszaw\u0105. Mieszkasz daleko? Nie szkodzi. Wybrane szkolenia online ju\u017c wkr\u00f3tce na naszej stronie! Wybierz szkolenie Hodowla Border Collie Psy kochamy [&hellip;]<\/p>","protected":false},"author":1,"featured_media":0,"parent":0,"menu_order":0,"comment_status":"closed","ping_status":"closed","template":"","meta":{"_exactmetrics_skip_tracking":false,"_exactmetrics_sitenote_active":false,"_exactmetrics_sitenote_note":"","_exactmetrics_sitenote_category":0,"footnotes":""},"class_list":["post-20","page","type-page","status-publish","hentry","entry"],"_links":{"self":[{"href":"https:\/\/borderowo.pl\/en\/wp-json\/wp\/v2\/pages\/20","targetHints":{"allow":["GET"]}}],"collection":[{"href":"https:\/\/borderowo.pl\/en\/wp-json\/wp\/v2\/pages"}],"about":[{"href":"https:\/\/borderowo.pl\/en\/wp-json\/wp\/v2\/types\/page"}],"author":[{"embeddable":true,"href":"https:\/\/borderowo.pl\/en\/wp-json\/wp\/v2\/users\/1"}],"replies":[{"embeddable":true,"href":"https:\/\/borderowo.pl\/en\/wp-json\/wp\/v2\/comments?post=20"}],"version-history":[{"count":587,"href":"https:\/\/borderowo.pl\/en\/wp-json\/wp\/v2\/pages\/20\/revisions"}],"predecessor-version":[{"id":2476,"href":"https:\/\/borderowo.pl\/en\/wp-json\/wp\/v2\/pages\/20\/revisions\/2476"}],"wp:attachment":[{"href":"https:\/\/borderowo.pl\/en\/wp-json\/wp\/v2\/media?parent=20"}],"curies":[{"name":"wp","href":"https:\/\/api.w.org\/{rel}","templated":true}]}}